{"id":2288,"date":"2025-10-07T13:20:54","date_gmt":"2025-10-07T13:20:54","guid":{"rendered":"https:\/\/www.tonikarilainen.fi\/?page_id=2288"},"modified":"2026-04-10T09:00:24","modified_gmt":"2026-04-10T09:00:24","slug":"h","status":"publish","type":"page","link":"https:\/\/www.tonikarilainen.fi\/?page_id=2288","title":{"rendered":""},"content":{"rendered":"\n<figure class=\"wp-block-pullquote\"><blockquote><p>Palveluiden hinnat<br><br><br><\/p><cite>Ty\u00f6nohjaukset:<br>Ryhm\u00e4ty\u00f6nohjaus: Alk 250\u20ac\/90min<br>Yksil\u00f6ty\u00f6nohjaus: Alk 120\u20ac\/60min<br>Johtoryhm\u00e4n ty\u00f6nohjaus: Alk 300\u20ac\/90min<br>Johdon ty\u00f6nohjaus: Alk 150\u20ac\/60min<br><br>(Hintaan lis\u00e4t\u00e4\u00e4n voimassa oleva alv. 25,5 %)<br><br><br>Johdon coaching:<br>Ryhm\u00e4: Alk 300\u20ac\/90min<br>Yksil\u00f6: Alk 200\u20ac\/60min<br><br><br>Esihenkil\u00f6valmennus<br>Alk. 300\u20ac\/60min<br><br>(Hintaan lis\u00e4t\u00e4\u00e4n voimassa oleva alv. 25,5 %)<br><br><br>Yritt\u00e4j\u00e4n sparraus<br>Ryhm\u00e4: Alk.250\u20ac\/90min<br>Yksil\u00f6: Alk.120\u20ac\/60min<br><br>(Hintaan lis\u00e4t\u00e4\u00e4n voimassa oleva alv. 25,5 %)<br><br><br>Ty\u00f6yhteis\u00f6sovittelu<br>Kysy tarjousta. Hinnat toistaiseksi opiskelijahinnoilla.<br><br><br><br><strong>Huom! Hinnat ovat kilpailutuksissa eri\u00e4v\u00e4t, joten jos olet tilaajana kilpailutuksessa, voit tiedustella niist\u00e4 ottamalla yhteytt\u00e4<\/strong>.<br><br><\/cite><\/blockquote><\/figure>\n\n\n\n<p><\/p>\n","protected":false},"excerpt":{"rendered":"<p>Palveluiden hinnat Ty\u00f6nohjaukset:Ryhm\u00e4ty\u00f6nohjaus: Alk 250\u20ac\/90minYksil\u00f6ty\u00f6nohjaus: Alk 120\u20ac\/60minJohtoryhm\u00e4n ty\u00f6nohjaus: Alk 300\u20ac\/90minJohdon ty\u00f6nohjaus: Alk 150\u20ac\/60min (Hintaan lis\u00e4t\u00e4\u00e4n voimassa oleva alv. 25,5 %) Johdon coaching:Ryhm\u00e4: Alk 300\u20ac\/90minYksil\u00f6: Alk 200\u20ac\/60min Esihenkil\u00f6valmennusAlk. 300\u20ac\/60min (Hintaan lis\u00e4t\u00e4\u00e4n voimassa oleva alv. 25,5 %) Yritt\u00e4j\u00e4n sparrausRyhm\u00e4: Alk.250\u20ac\/90minYksil\u00f6: Alk.120\u20ac\/60min (Hintaan lis\u00e4t\u00e4\u00e4n voimassa oleva alv. 25,5 %) Ty\u00f6yhteis\u00f6sovitteluKysy tarjousta. Hinnat toistaiseksi opiskelijahinnoilla. Huom! Hinnat ovat kilpailutuksissa eri\u00e4v\u00e4t, joten jos olet tilaajana kilpailutuksessa, voit tiedustella niist\u00e4 ottamalla yhteytt\u00e4.<\/p>\n","protected":false},"author":1,"featured_media":0,"parent":0,"menu_order":0,"comment_status":"closed","ping_status":"closed","template":"","meta":{"footnotes":""},"class_list":["post-2288","page","type-page","status-publish","hentry"],"_links":{"self":[{"href":"https:\/\/www.tonikarilainen.fi\/index.php?rest_route=\/wp\/v2\/pages\/2288","targetHints":{"allow":["GET"]}}],"collection":[{"href":"https:\/\/www.tonikarilainen.fi\/index.php?rest_route=\/wp\/v2\/pages"}],"about":[{"href":"https:\/\/www.tonikarilainen.fi\/index.php?rest_route=\/wp\/v2\/types\/page"}],"author":[{"embeddable":true,"href":"https:\/\/www.tonikarilainen.fi\/index.php?rest_route=\/wp\/v2\/users\/1"}],"replies":[{"embeddable":true,"href":"https:\/\/www.tonikarilainen.fi\/index.php?rest_route=%2Fwp%2Fv2%2Fcomments&post=2288"}],"version-history":[{"count":10,"href":"https:\/\/www.tonikarilainen.fi\/index.php?rest_route=\/wp\/v2\/pages\/2288\/revisions"}],"predecessor-version":[{"id":2669,"href":"https:\/\/www.tonikarilainen.fi\/index.php?rest_route=\/wp\/v2\/pages\/2288\/revisions\/2669"}],"wp:attachment":[{"href":"https:\/\/www.tonikarilainen.fi\/index.php?rest_route=%2Fwp%2Fv2%2Fmedia&parent=2288"}],"curies":[{"name":"wp","href":"https:\/\/api.w.org\/{rel}","templated":true}]}}