{"id":394,"date":"2021-10-13T15:41:58","date_gmt":"2021-10-13T15:41:58","guid":{"rendered":"https:\/\/www.tonikarilainen.fi\/?page_id=394"},"modified":"2025-06-10T14:49:50","modified_gmt":"2025-06-10T14:49:50","slug":"tietosuojaseloste-5","status":"publish","type":"page","link":"https:\/\/www.tonikarilainen.fi\/?page_id=394","title":{"rendered":""},"content":{"rendered":"\n<figure class=\"wp-block-pullquote\"><blockquote><p>Tietosuojaseloste<\/p><\/blockquote><\/figure>\n\n\n\n<div style=\"height:100px\" aria-hidden=\"true\" class=\"wp-block-spacer\"><\/div>\n\n\n\n<p class=\"has-text-align-left\"><strong>1. REKISTERIN PIT\u00c4J\u00c4<\/strong><\/p>\n\n\n\n<p class=\"has-text-align-left\">Tmi Toni Karilainen<\/p>\n\n\n\n<p class=\"has-text-align-left\">Y-tunnus: 3151933-1<\/p>\n\n\n\n<p class=\"has-text-align-left\"><strong>2. YHTEYSHENKIL\u00d6 REKISTERI\u00c4 KOSKEVISSA ASIOISSA<\/strong><\/p>\n\n\n\n<p class=\"has-text-align-left\">Toni Karilainen<\/p>\n\n\n\n<p class=\"has-text-align-left\"><a href=\"mailto:tonikarilainen@outlook.com\">tonikarilainen@outlook.com<\/a><\/p>\n\n\n\n<p class=\"has-text-align-left\"><strong>3. REKISTERIN NIMI<\/strong><\/p>\n\n\n\n<p class=\"has-text-align-left\">www.tonikarilainen.fi verkkosivustojen yhteydenottojen k\u00e4ytt\u00f6rekisteri<\/p>\n\n\n\n<p class=\"has-text-align-left\"><strong>4. HENKIL\u00d6TIETOJEN K\u00c4SITTELYN TARKOITUS<\/strong><\/p>\n\n\n\n<p class=\"has-text-align-left\">Henkil\u00f6tietoja tallennetaan, jotta verkkosivustolta tuleviin viesteihin voidaan vastata ja niiden l\u00e4hett\u00e4jiin pit\u00e4\u00e4 yhteytt\u00e4.<\/p>\n\n\n\n<p class=\"has-text-align-left\"><strong>5. REKISTERIN TIETOSELOSTE<\/strong><\/p>\n\n\n\n<p class=\"has-text-align-left\">K\u00e4ytt\u00e4j\u00e4 voi ilmoittaa seuraavia henkil\u00f6tietojaan:<\/p>\n\n\n\n<ul class=\"wp-block-list\">\n<li>Nimi<\/li>\n<\/ul>\n\n\n\n<ul class=\"wp-block-list\">\n<li>S\u00e4hk\u00f6postiosoite<\/li>\n<\/ul>\n\n\n\n<ul class=\"wp-block-list\">\n<li>Puhelinnumero<\/li>\n<\/ul>\n\n\n\n<ul class=\"wp-block-list\">\n<li>Laskutusosoite<\/li>\n<\/ul>\n\n\n\n<ul class=\"wp-block-list\">\n<li>Muut vapaamuotoiset tiedot<\/li>\n<\/ul>\n\n\n\n<ul class=\"wp-block-list\">\n<li>Lis\u00e4ksi tallennetaan tietojen l\u00e4hett\u00e4misen ajankohdan (p\u00e4iv\u00e4m\u00e4\u00e4r\u00e4 ja kellonaika)<\/li>\n<\/ul>\n\n\n\n<p class=\"has-text-align-left\"><strong>6. S\u00c4\u00c4NN\u00d6NMUKAISET TIETOL\u00c4HTEET<\/strong><\/p>\n\n\n\n<p class=\"has-text-align-left\">Rekisterin tiedot saadaan vain suoraan k\u00e4ytt\u00e4jilt\u00e4 itselt\u00e4\u00e4n.<\/p>\n\n\n\n<p class=\"has-text-align-left\"><strong>7. S\u00c4\u00c4NNONMUKAISET LUOVUTUKSET<\/strong><\/p>\n\n\n\n<p class=\"has-text-align-left\">Rekisteritietoja ei jaeta ulkopuolisille<\/p>\n\n\n\n<p class=\"has-text-align-left\"><strong>8. TIETOJEN LUOVUTUS EU:N TAI ETA:N ULKOPUOLELLE<\/strong><\/p>\n\n\n\n<p class=\"has-text-align-left\">Henkil\u00f6tietoja ei siirret\u00e4 tai luovuteta EU:n tai Euroopan talousalueen ulkopuolelle.<\/p>\n\n\n\n<p class=\"has-text-align-left\"><strong>9. REKISTERIN SUOJAUKSEN PERIAATTEET<\/strong><\/p>\n\n\n\n<p class=\"has-text-align-left\">Rekisteritietoihin p\u00e4\u00e4see k\u00e4siksi ainoastaan rekisterinpit\u00e4j\u00e4. Ainoastaan rekisterin yll\u00e4pit\u00e4j\u00e4ll\u00e4 on oikeus k\u00e4sitell\u00e4 ja yll\u00e4pit\u00e4\u00e4 rekisterin tietoja. K\u00e4ytt\u00e4j\u00e4\u00e4 sitoo vaitiolovelvollisuus.<\/p>\n\n\n\n<p class=\"has-text-align-left\">Tietoverkko ja ATK-laitteet, joilla rekisteri sijaitsee, on suojattu palomuurilla ja muin teknisin toimenpitein. ATK-laitteet sijaitsevat lukitussa ja valvotussa tilassa.<\/p>\n\n\n\n<p class=\"has-text-align-left\"><strong>10. TARKASTUSOIKEUS<\/strong><\/p>\n\n\n\n<p class=\"has-text-align-left\">Jokaisella on p\u00e4\u00e4s\u00e4\u00e4nt\u00f6isesti oikeus saada tarkastaa itse\u00e4\u00e4n koskevat tiedot. Tarkastuspyynt\u00f6 tulee tehd\u00e4 kirjallisesti omak\u00e4tisesti allekirjoitetulla kirjeell\u00e4 tai henkil\u00f6kohtaisesti rekisterinpit\u00e4j\u00e4n luona. Pyynt\u00f6 osoitetaan rekisterin yll\u00e4pit\u00e4j\u00e4lle.<\/p>\n\n\n\n<p class=\"has-text-align-left\"><strong>11. OIKEUS VAATIA TIEDON KORJAAMISTA<\/strong><\/p>\n\n\n\n<p class=\"has-text-align-left\">Jokaisella on oikeus vaatia rekisteriss\u00e4 olevan virheellisen tiedon korjaamista. Korjaamispyynt\u00f6 on syyt\u00e4 tehd\u00e4 kirjallisesti ja riitt\u00e4v\u00e4n yksil\u00f6idysti: pyynn\u00f6ss\u00e4 on ilmoitettava nimi sek\u00e4 virheelliset ja korjatut tiedot. Pyynt\u00f6 osoitetaan rekisterin yll\u00e4pit\u00e4j\u00e4lle.<\/p>\n\n\n\n<p class=\"has-text-align-left\"><strong>12. EV\u00c4STEET<\/strong><\/p>\n\n\n\n<p class=\"has-text-align-left\">T\u00e4ll\u00e4 sivustolla k\u00e4ytet\u00e4\u00e4n ev\u00e4steit\u00e4 (eng. cookies). Ev\u00e4steet ovat Internet-palvelun k\u00e4ytt\u00f6\u00e4 kuvaavia tietoja, jotka tallentuvat esimerkiksi k\u00e4ytt\u00e4j\u00e4n tietokoneeseen ja joita voidaan k\u00e4ytt\u00e4\u00e4 Internet-selaimen ja -palvelimen v\u00e4lisen yhteydenpidon ohjaamiseen.<\/p>\n\n\n\n<p class=\"has-text-align-left\"><strong>13. SIVUSTON K\u00c4YT\u00d6N TILASTOINTI<\/strong><\/p>\n\n\n\n<p class=\"has-text-align-left\">Verkkosivujen k\u00e4ytt\u00f6\u00e4 tilastoidaan anonyymisti lokitiedostojen ja ev\u00e4steiden avulla. K\u00e4ytt\u00e4jien henkil\u00f6tietoja ei yhdistet\u00e4 liikenn\u00f6intitilastoihin.<\/p>\n\n\n\n<figure class=\"wp-block-pullquote\"><blockquote><p><\/p><\/blockquote><\/figure>\n","protected":false},"excerpt":{"rendered":"<p>Tietosuojaseloste 1. REKISTERIN PIT\u00c4J\u00c4 Tmi Toni Karilainen Y-tunnus: 3151933-1 2. YHTEYSHENKIL\u00d6 REKISTERI\u00c4 KOSKEVISSA ASIOISSA Toni Karilainen tonikarilainen@outlook.com 3. REKISTERIN NIMI www.tonikarilainen.fi verkkosivustojen yhteydenottojen k\u00e4ytt\u00f6rekisteri 4. HENKIL\u00d6TIETOJEN K\u00c4SITTELYN TARKOITUS Henkil\u00f6tietoja tallennetaan, jotta verkkosivustolta tuleviin viesteihin voidaan vastata ja niiden l\u00e4hett\u00e4jiin pit\u00e4\u00e4 yhteytt\u00e4. 5. REKISTERIN TIETOSELOSTE K\u00e4ytt\u00e4j\u00e4 voi ilmoittaa seuraavia henkil\u00f6tietojaan: 6. S\u00c4\u00c4NN\u00d6NMUKAISET TIETOL\u00c4HTEET Rekisterin tiedot saadaan vain suoraan k\u00e4ytt\u00e4jilt\u00e4 itselt\u00e4\u00e4n. 7. S\u00c4\u00c4NNONMUKAISET LUOVUTUKSET Rekisteritietoja ei jaeta ulkopuolisille 8. TIETOJEN LUOVUTUS EU:N TAI ETA:N ULKOPUOLELLE Henkil\u00f6tietoja ei siirret\u00e4 tai luovuteta EU:n tai Euroopan talousalueen ulkopuolelle. 9. REKISTERIN SUOJAUKSEN PERIAATTEET Rekisteritietoihin p\u00e4\u00e4see k\u00e4siksi ainoastaan rekisterinpit\u00e4j\u00e4. Ainoastaan rekisterin yll\u00e4pit\u00e4j\u00e4ll\u00e4 on oikeus k\u00e4sitell\u00e4 ja yll\u00e4pit\u00e4\u00e4 rekisterin tietoja. K\u00e4ytt\u00e4j\u00e4\u00e4 sitoo vaitiolovelvollisuus. Tietoverkko ja ATK-laitteet, joilla rekisteri sijaitsee, on suojattu palomuurilla ja muin teknisin toimenpitein. ATK-laitteet sijaitsevat lukitussa ja valvotussa tilassa. 10. TARKASTUSOIKEUS Jokaisella on p\u00e4\u00e4s\u00e4\u00e4nt\u00f6isesti oikeus saada tarkastaa itse\u00e4\u00e4n koskevat tiedot. Tarkastuspyynt\u00f6 tulee tehd\u00e4 kirjallisesti omak\u00e4tisesti allekirjoitetulla kirjeell\u00e4 tai henkil\u00f6kohtaisesti rekisterinpit\u00e4j\u00e4n luona. Pyynt\u00f6 osoitetaan rekisterin yll\u00e4pit\u00e4j\u00e4lle. 11. OIKEUS VAATIA TIEDON KORJAAMISTA Jokaisella on oikeus vaatia rekisteriss\u00e4 olevan virheellisen tiedon korjaamista. Korjaamispyynt\u00f6 on syyt\u00e4 tehd\u00e4 kirjallisesti ja riitt\u00e4v\u00e4n yksil\u00f6idysti: pyynn\u00f6ss\u00e4 on ilmoitettava nimi sek\u00e4 virheelliset ja korjatut tiedot. Pyynt\u00f6 osoitetaan rekisterin yll\u00e4pit\u00e4j\u00e4lle. 12. EV\u00c4STEET T\u00e4ll\u00e4 sivustolla k\u00e4ytet\u00e4\u00e4n ev\u00e4steit\u00e4 (eng. cookies). Ev\u00e4steet ovat Internet-palvelun k\u00e4ytt\u00f6\u00e4 kuvaavia tietoja, jotka tallentuvat esimerkiksi k\u00e4ytt\u00e4j\u00e4n tietokoneeseen ja joita voidaan k\u00e4ytt\u00e4\u00e4 Internet-selaimen ja -palvelimen v\u00e4lisen yhteydenpidon ohjaamiseen. 13. SIVUSTON K\u00c4YT\u00d6N TILASTOINTI Verkkosivujen k\u00e4ytt\u00f6\u00e4 tilastoidaan anonyymisti lokitiedostojen ja ev\u00e4steiden avulla. K\u00e4ytt\u00e4jien henkil\u00f6tietoja ei yhdistet\u00e4 liikenn\u00f6intitilastoihin.<\/p>\n","protected":false},"author":1,"featured_media":0,"parent":0,"menu_order":0,"comment_status":"closed","ping_status":"closed","template":"","meta":{"footnotes":""},"class_list":["post-394","page","type-page","status-publish","hentry"],"_links":{"self":[{"href":"https:\/\/www.tonikarilainen.fi\/index.php?rest_route=\/wp\/v2\/pages\/394","targetHints":{"allow":["GET"]}}],"collection":[{"href":"https:\/\/www.tonikarilainen.fi\/index.php?rest_route=\/wp\/v2\/pages"}],"about":[{"href":"https:\/\/www.tonikarilainen.fi\/index.php?rest_route=\/wp\/v2\/types\/page"}],"author":[{"embeddable":true,"href":"https:\/\/www.tonikarilainen.fi\/index.php?rest_route=\/wp\/v2\/users\/1"}],"replies":[{"embeddable":true,"href":"https:\/\/www.tonikarilainen.fi\/index.php?rest_route=%2Fwp%2Fv2%2Fcomments&post=394"}],"version-history":[{"count":13,"href":"https:\/\/www.tonikarilainen.fi\/index.php?rest_route=\/wp\/v2\/pages\/394\/revisions"}],"predecessor-version":[{"id":2224,"href":"https:\/\/www.tonikarilainen.fi\/index.php?rest_route=\/wp\/v2\/pages\/394\/revisions\/2224"}],"wp:attachment":[{"href":"https:\/\/www.tonikarilainen.fi\/index.php?rest_route=%2Fwp%2Fv2%2Fmedia&parent=394"}],"curies":[{"name":"wp","href":"https:\/\/api.w.org\/{rel}","templated":true}]}}